{"id":38,"date":"2015-11-10T10:12:10","date_gmt":"2015-11-10T09:12:10","guid":{"rendered":"http:\/\/localhost\/fitness\/?page_id=35"},"modified":"2015-11-10T10:12:10","modified_gmt":"2015-11-10T09:12:10","slug":"masaz","status":"publish","type":"page","link":"https:\/\/www.fitnessforma.pl\/fitness\/masaz\/","title":{"rendered":"Masa\u017c"},"content":{"rendered":"<h2>Gabinet Terapii Manualnej, Chiropraktyki i Rehabilitacji<\/h2>\n<p>mgr fizjoterapii <strong>Leszek Janicki<\/strong><\/p>\n<p><strong>Certyfikowany terapeuta manualny<\/strong><br \/>\ntel: (14) 626-09-22<br \/>\ntel.kom.: +48.608386250<\/p>\n<h2>Diagnostyka &#8211; rehabilitacja w zakresie<\/h2>\n<p>&nbsp;<\/p>\n<ul>\n<li>schorzenia i zaburzenia funkcji narz\u0105du ruchu<\/li>\n<li>chroniczne zespo\u0142y b\u00f3lowe kregos\u0142upa i g\u0142owy<\/li>\n<li>rwa kulszowa, rwa ramienia<\/li>\n<li>dyskopatia<\/li>\n<li>nast\u0119pstwa i powik\u0142ania uraz\u00f3w uk\u0142adu kostnego, wi\u0105zade\u0142 i staw\u00f3w<\/li>\n<li>choroby reumatyczne<\/li>\n<\/ul>\n<p>&nbsp;<\/p>\n<h2>Metody usprawniania<\/h2>\n<p>&nbsp;<\/p>\n<ul>\n<li>terapia manualna &#8211; chiropraktyka<\/li>\n<li>terapia manualna &#8211; chiropraktyka &#8211; technika Cox&#8217;a<\/li>\n<li>masa\u017c leczniczy<\/li>\n<li>biostymulacja laserowa<\/li>\n<li>ultrad\u017awi\u0119ki<\/li>\n<li>elektrostymulacja<\/li>\n<li>pr\u0105dy interferencyjne<\/li>\n<li>diadynamik<\/li>\n<li>jonoforeza<\/li>\n<li>TENS<\/li>\n<li>pr\u0105dy Treberta<\/li>\n<\/ul>\n<p>&nbsp;<\/p>\n","protected":false},"excerpt":{"rendered":"<p>Gabinet Terapii Manualnej, Chiropraktyki i Rehabilitacji mgr fizjoterapii Leszek Janicki Certyfikowany terapeuta manualny tel: (14) 626-09-22 tel.kom.: +48.608386250 Diagnostyka &#8211; rehabilitacja w zakresie &nbsp; schorzenia i zaburzenia funkcji narz\u0105du ruchu chroniczne zespo\u0142y b\u00f3lowe kregos\u0142upa i g\u0142owy rwa kulszowa, rwa ramienia dyskopatia nast\u0119pstwa i powik\u0142ania uraz\u00f3w uk\u0142adu kostnego, wi\u0105zade\u0142 i staw\u00f3w choroby reumatyczne &nbsp; Metody usprawniania [&hellip;]<\/p>\n","protected":false},"author":1,"featured_media":0,"parent":0,"menu_order":0,"comment_status":"closed","ping_status":"closed","template":"","meta":[],"_links":{"self":[{"href":"https:\/\/www.fitnessforma.pl\/fitness\/wp-json\/wp\/v2\/pages\/38"}],"collection":[{"href":"https:\/\/www.fitnessforma.pl\/fitness\/wp-json\/wp\/v2\/pages"}],"about":[{"href":"https:\/\/www.fitnessforma.pl\/fitness\/wp-json\/wp\/v2\/types\/page"}],"author":[{"embeddable":true,"href":"https:\/\/www.fitnessforma.pl\/fitness\/wp-json\/wp\/v2\/users\/1"}],"replies":[{"embeddable":true,"href":"https:\/\/www.fitnessforma.pl\/fitness\/wp-json\/wp\/v2\/comments?post=38"}],"version-history":[{"count":0,"href":"https:\/\/www.fitnessforma.pl\/fitness\/wp-json\/wp\/v2\/pages\/38\/revisions"}],"wp:attachment":[{"href":"https:\/\/www.fitnessforma.pl\/fitness\/wp-json\/wp\/v2\/media?parent=38"}],"curies":[{"name":"wp","href":"https:\/\/api.w.org\/{rel}","templated":true}]}}