{"id":11,"date":"2015-11-09T13:44:41","date_gmt":"2015-11-09T12:44:41","guid":{"rendered":"http:\/\/localhost\/fitness\/?page_id=7"},"modified":"2021-07-07T15:34:12","modified_gmt":"2021-07-07T13:34:12","slug":"historia","status":"publish","type":"page","link":"https:\/\/www.fitnessforma.pl\/fitness\/historia\/","title":{"rendered":"Historia"},"content":{"rendered":"<h2>Fitness Klub Forma<\/h2>\n<p>W odrestaurowanej zabytkowej kamienicy na terenie by\u0142ego przedszkola powsta\u0142o niezwyk\u0142e miejsce &#8211; Fitness Klub FORMA.<\/p>\n<p>9.09.2002r. na ul. Nowy \u015bwiat 48 pierwsze zaj\u0119cia grupowe &#8211; aerobic, si\u0142ownia, sauny, solaria, gabinet masa\u017cu, zacz\u0119\u0142y t\u0119tni\u0107 \u017cyciem. Z my\u015bl\u0105 o ludziach aktywnych tw\u00f3rcy tego niepowtarzalnego miejsca przez wiele lat z wielk\u0105 pasj\u0105 do wszelkich form ruchu nabywali do\u015bwiadczenia z dziedziny kulturystyki i fitness.<\/p>\n<p>Dzi\u015b pragn\u0105 wraz z profesjonaln\u0105 kadr\u0105 instruktor\u00f3w, podzieli\u0107 si\u0119 swoimi wiadomo\u015bciami i umiej\u0119tno\u015bciami z ka\u017cdym, kto zechce cieszy\u0107 si\u0119 dobr\u0105 kondycj\u0105 i \u015bwietnym samopoczuciem przez ca\u0142e \u017cycie.<\/p>\n<p>U\u017cytkownicy naszej plac\u00f3wki mog\u0105 bowiem doskonale wymodelowa\u0107 sw\u0105 sylwetk\u0119 wed\u0142ug w\u0142asnych upodoba\u0144, kszta\u0142towa\u0107 i podnosi\u0107 sprawno\u015b\u0107 wszystkich cech motorycznych, a tak\u017ce zrelaksowa\u0107 si\u0119 i w mi\u0142ej atmosferze odpocz\u0105\u0107. Wszystkiego, co kojarzy si\u0119 z dobr\u0105 form\u0105 do\u015bwiadczy\u0107 mo\u017cna na 750m2 naszego klubu.<\/p>\n<p>Fitness Klub FORMA. oddaje do Pa\u0144stwa dyspozycji gustown\u0105 si\u0142owni\u0119, dwie sale do aerobiku, sal\u0119 kondycyjn\u0105 wyposa\u017con\u0105 w profesjonalne rowery stacjonarne, sauny fi\u0144skie, nowoczesne solaria, gabinet masa\u017cu i kawiarni\u0119.<\/p>\n<p>Zapraszamy !<\/p>\n<h2><\/h2>\n","protected":false},"excerpt":{"rendered":"<p>Fitness Klub Forma W odrestaurowanej zabytkowej kamienicy na terenie by\u0142ego przedszkola powsta\u0142o niezwyk\u0142e miejsce &#8211; Fitness Klub FORMA. 9.09.2002r. na ul. Nowy \u015bwiat 48 pierwsze zaj\u0119cia grupowe &#8211; aerobic, si\u0142ownia, sauny, solaria, gabinet masa\u017cu, zacz\u0119\u0142y t\u0119tni\u0107 \u017cyciem. Z my\u015bl\u0105 o ludziach aktywnych tw\u00f3rcy tego niepowtarzalnego miejsca przez wiele lat z wielk\u0105 pasj\u0105 do wszelkich form [&hellip;]<\/p>\n","protected":false},"author":1,"featured_media":0,"parent":0,"menu_order":0,"comment_status":"closed","ping_status":"closed","template":"","meta":[],"_links":{"self":[{"href":"https:\/\/www.fitnessforma.pl\/fitness\/wp-json\/wp\/v2\/pages\/11"}],"collection":[{"href":"https:\/\/www.fitnessforma.pl\/fitness\/wp-json\/wp\/v2\/pages"}],"about":[{"href":"https:\/\/www.fitnessforma.pl\/fitness\/wp-json\/wp\/v2\/types\/page"}],"author":[{"embeddable":true,"href":"https:\/\/www.fitnessforma.pl\/fitness\/wp-json\/wp\/v2\/users\/1"}],"replies":[{"embeddable":true,"href":"https:\/\/www.fitnessforma.pl\/fitness\/wp-json\/wp\/v2\/comments?post=11"}],"version-history":[{"count":5,"href":"https:\/\/www.fitnessforma.pl\/fitness\/wp-json\/wp\/v2\/pages\/11\/revisions"}],"predecessor-version":[{"id":651,"href":"https:\/\/www.fitnessforma.pl\/fitness\/wp-json\/wp\/v2\/pages\/11\/revisions\/651"}],"wp:attachment":[{"href":"https:\/\/www.fitnessforma.pl\/fitness\/wp-json\/wp\/v2\/media?parent=11"}],"curies":[{"name":"wp","href":"https:\/\/api.w.org\/{rel}","templated":true}]}}